{"id":31,"date":"2017-09-22T14:38:53","date_gmt":"2017-09-22T14:38:53","guid":{"rendered":"http:\/\/ciesaluv.cl\/?page_id=31"},"modified":"2023-08-15T23:30:30","modified_gmt":"2023-08-16T02:30:30","slug":"contacto","status":"publish","type":"page","link":"https:\/\/ciesaluv.cl\/en\/contacto\/","title":{"rendered":"Contact"},"content":{"rendered":"<p><\/p>\n<div class=\"bloq-contacto\">\n<div class=\"bloq-texto\">\n<h3 style=\"margin-top: 0px;\">Direcci\u00f3n:<\/h3>\n<p>Angamos 655 Edificio R2 Oficina 1107, Re\u00f1aca, Vi\u00f1a del Mar.<\/p>\n<h3>Tel\u00e9fono:<\/h3>\n<p><a href=\"tel:56322603096\">(+56) 32 260 3096<\/a><\/p>\n<h3>Correo,<\/h3>\n<h3><a href=\"mailto:eva.madrid@uv.cl\">eva.madrid@uv.cl<\/a><\/h3>\n<p><span lang=\"ES\">\u00a0<\/span><\/p>\n<div class=\"mapa-bloq\"><iframe loading=\"lazy\" style=\"border: 0;\" tabindex=\"0\" src=\"https:\/\/www.google.com\/maps\/embed?pb=!1m18!1m12!1m3!1d3347.2308273260874!2d-71.54007678444032!3d-32.971311380913775!2m3!1f0!2f0!3f0!3m2!1i1024!2i768!4f13.1!3m3!1m2!1s0x9689dd0f6f077cbf%3A0x1f964b3eaccf62d0!2sAv.%20Angamos%20655%2C%20Edificio%20R2%20Oficina%201107%2C%20Vi%C3%B1a%20del%20Mar%2C%20Valpara%C3%ADso!5e0!3m2!1ses!2scl!4v1596205799870!5m2!1ses!2scl\" width=\"100%\" height=\"450\" frameborder=\"0\" allowfullscreen=\"allowfullscreen\" aria-hidden=\"false\"><\/iframe><\/div>\n<\/div>\n<div class=\"bloq-form\">\n<div class=\"wpcf7 no-js\" id=\"wpcf7-f109-o2\" lang=\"es-ES\" dir=\"ltr\" data-wpcf7-id=\"109\">\n<div class=\"screen-reader-response\"><p role=\"status\" aria-live=\"polite\" aria-atomic=\"true\"><\/p> <ul><\/ul><\/div>\n<form action=\"\/en\/wp-json\/wp\/v2\/pages\/31#wpcf7-f109-o2\" method=\"post\" class=\"wpcf7-form init\" aria-label=\"Formulario de contacto\" novalidate=\"novalidate\" data-status=\"init\">\n<fieldset class=\"hidden-fields-container\"><input type=\"hidden\" name=\"_wpcf7\" value=\"109\" \/><input type=\"hidden\" name=\"_wpcf7_version\" value=\"6.1.5\" \/><input type=\"hidden\" name=\"_wpcf7_locale\" value=\"es_ES\" \/><input type=\"hidden\" name=\"_wpcf7_unit_tag\" value=\"wpcf7-f109-o2\" \/><input type=\"hidden\" name=\"_wpcf7_container_post\" value=\"0\" \/><input type=\"hidden\" name=\"_wpcf7_posted_data_hash\" value=\"\" \/>\n<\/fieldset>\n<p><label> Nombre (requerido)<br \/>\n<span class=\"wpcf7-form-control-wrap\" data-name=\"your-name\"><input size=\"40\" maxlength=\"400\" class=\"wpcf7-form-control wpcf7-text wpcf7-validates-as-required\" aria-required=\"true\" aria-invalid=\"false\" value=\"\" type=\"text\" name=\"your-name\" \/><\/span> <\/label>\n<\/p>\n<p><label> Apellido (requerido)<br \/>\n<span class=\"wpcf7-form-control-wrap\" data-name=\"your-last\"><input size=\"40\" maxlength=\"400\" class=\"wpcf7-form-control wpcf7-text wpcf7-validates-as-required\" aria-required=\"true\" aria-invalid=\"false\" value=\"\" type=\"text\" name=\"your-last\" \/><\/span> <\/label>\n<\/p>\n<p><label> Facultad\/Unidad (requerido)<br \/>\n<span class=\"wpcf7-form-control-wrap\" data-name=\"your-unidad\"><input size=\"40\" maxlength=\"400\" class=\"wpcf7-form-control wpcf7-text wpcf7-validates-as-required\" aria-required=\"true\" aria-invalid=\"false\" value=\"\" type=\"text\" name=\"your-unidad\" \/><\/span> <\/label>\n<\/p>\n<p><label> Tel\u00e9fono (requerido)<br \/>\n<span class=\"wpcf7-form-control-wrap\" data-name=\"your-tel\"><input size=\"40\" maxlength=\"400\" class=\"wpcf7-form-control wpcf7-text wpcf7-validates-as-required\" aria-required=\"true\" aria-invalid=\"false\" value=\"\" type=\"text\" name=\"your-tel\" \/><\/span> <\/label>\n<\/p>\n<p><label> Correo electr\u00f3nico (requerido)<br \/>\n<span class=\"wpcf7-form-control-wrap\" data-name=\"your-email\"><input size=\"40\" maxlength=\"400\" class=\"wpcf7-form-control wpcf7-email wpcf7-validates-as-required wpcf7-text wpcf7-validates-as-email\" aria-required=\"true\" aria-invalid=\"false\" value=\"\" type=\"email\" name=\"your-email\" \/><\/span> <\/label>\n<\/p>\n<p><label> Asunto<br \/>\n<span class=\"wpcf7-form-control-wrap\" data-name=\"your-subject\"><input size=\"40\" maxlength=\"400\" class=\"wpcf7-form-control wpcf7-text\" aria-invalid=\"false\" value=\"\" type=\"text\" name=\"your-subject\" \/><\/span> <\/label>\n<\/p>\n<p><label> Comentarios<br \/>\n<span class=\"wpcf7-form-control-wrap\" data-name=\"your-message\"><textarea cols=\"40\" rows=\"10\" maxlength=\"2000\" class=\"wpcf7-form-control wpcf7-textarea\" aria-invalid=\"false\" name=\"your-message\"><\/textarea><\/span> <\/label>\n<\/p>\n<p><input class=\"wpcf7-form-control wpcf7-submit has-spinner\" type=\"submit\" value=\"Enviar\" \/>\n<\/p><div class=\"wpcf7-response-output\" aria-hidden=\"true\"><\/div>\n<\/form>\n<\/div>\n<\/div>\n<\/div>\n<p><\/p>","protected":false},"excerpt":{"rendered":"Direcci\u00f3n: Angamos 655 Edificio R2 Oficina 1107, Re\u00f1aca, Vi\u00f1a del Mar. Tel\u00e9fono: (+56) 32 260 3096 Correo, eva.madrid@uv.cl \u00a0","protected":false},"author":3,"featured_media":0,"parent":0,"menu_order":8,"comment_status":"closed","ping_status":"closed","template":"","meta":{"_acf_changed":false,"footnotes":""},"class_list":["post-31","page","type-page","status-publish","hentry"],"acf":[],"_links":{"self":[{"href":"https:\/\/ciesaluv.cl\/en\/wp-json\/wp\/v2\/pages\/31","targetHints":{"allow":["GET"]}}],"collection":[{"href":"https:\/\/ciesaluv.cl\/en\/wp-json\/wp\/v2\/pages"}],"about":[{"href":"https:\/\/ciesaluv.cl\/en\/wp-json\/wp\/v2\/types\/page"}],"author":[{"embeddable":true,"href":"https:\/\/ciesaluv.cl\/en\/wp-json\/wp\/v2\/users\/3"}],"replies":[{"embeddable":true,"href":"https:\/\/ciesaluv.cl\/en\/wp-json\/wp\/v2\/comments?post=31"}],"version-history":[{"count":17,"href":"https:\/\/ciesaluv.cl\/en\/wp-json\/wp\/v2\/pages\/31\/revisions"}],"predecessor-version":[{"id":1452,"href":"https:\/\/ciesaluv.cl\/en\/wp-json\/wp\/v2\/pages\/31\/revisions\/1452"}],"wp:attachment":[{"href":"https:\/\/ciesaluv.cl\/en\/wp-json\/wp\/v2\/media?parent=31"}],"curies":[{"name":"wp","href":"https:\/\/api.w.org\/{rel}","templated":true}]}}