{"id":374,"date":"2020-03-20T19:22:48","date_gmt":"2020-03-20T19:22:48","guid":{"rendered":"http:\/\/ciesaluv.cl\/?page_id=374"},"modified":"2021-03-26T00:19:15","modified_gmt":"2021-03-26T03:19:15","slug":"investigadores-asociados","status":"publish","type":"page","link":"https:\/\/ciesaluv.cl\/en\/investigadores\/investigadores-asociados\/","title":{"rendered":"Associate researchers"},"content":{"rendered":"<div class=\"bloq-investigador-principal\">\n<p><span class=\"investigador-title\">Marjorie Borgeat<\/span><\/p>\n<p>Escuela de Odontolog\u00eda, Universidad de Valpara\u00edso, Chile<\/p>\n<p><a class=\"email-investigador\" href=\"mailto:marjorie.borgeat@uv.cl\" target=\"_blank\" rel=\"noopener noreferrer\">marjorie.borgeat@uv.cl<\/a><br \/>\n<a class=\"btn-investigador\" href=\"https:\/\/www.researchgate.net\/profile\/Marjorie_Borgeat\" target=\"_blank\" rel=\"noopener noreferrer\">https:\/\/www.researchgate.net\/profile\/Marjorie_Borgeat<\/a><\/p>\n<\/div>\n<div class=\"bloq-investigador-principal\">\n<p><span class=\"investigador-title\">Cynthia Carrasco<\/span><\/p>\n<p>Escuela de Obstetricia y Puericultura, Campus San Felipe, Universidad de Valpara\u00edso, Chile<\/p>\n<p><a class=\"email-investigador\" href=\"mailto:cynthia.carrasco@uv.cl\" target=\"_blank\" rel=\"noopener noreferrer\">cynthia.carrasco@uv.cl<\/a><\/p>\n<\/div>\n<div class=\"bloq-investigador-principal\">\n<p><span class=\"investigador-title\">Crist\u00f3bal Lo\u00e9zar<\/span><\/p>\n<p>Departamento de Salud P\u00fablica, Escuela de Medicina, Universidad de Valpara\u00edso, Chile<\/p>\n<p><a class=\"email-investigador\" href=\"mailto:cristobal.loezar@uv.cl\" target=\"_blank\" rel=\"noopener noreferrer\">cristobal.loezar@uv.cl<\/a><br \/>\n<a class=\"btn-investigador\" href=\"https:\/\/www.researchgate.net\/profile\/Cristobal_Loezar\" target=\"_blank\" rel=\"noopener noreferrer\">https:\/\/www.researchgate.net\/profile\/Cristobal_Loezar<\/a><\/p>\n<\/div>\n<div class=\"bloq-investigador-principal\">\n<p><a class=\"investigador-title\" href=\"href=\">Natalia P\u00e9rez<\/a><\/p>\n<p>Departamento de Anatom\u00eda, Escuela de Medicina, Universidad de Valpara\u00edso, Chile<\/p>\n<p><a class=\"email-investigador\" href=\"mailto:natalia.perezba@uv.cl\" target=\"_blank\" rel=\"noopener noreferrer\">natalia.perezba@uv.cl<\/a><\/p>\n<\/div>\n<div class=\"bloq-investigador-principal\">\n<p><span class=\"investigador-title\">Javier P\u00e9rez-Bracchiglione<\/span><\/p>\n<p>Departamento de Salud P\u00fablica, Escuela de Medicina, Universidad de Valpara\u00edso, Chile<\/p>\n<p><a class=\"email-investigador\" href=\"mailto:javier.perez@uv.cl\" target=\"_blank\" rel=\"noopener noreferrer\">javier.perez@uv.cl<\/a><br \/>\n<a class=\"btn-investigador\" href=\"https:\/\/www.researchgate.net\/profile\/Javier_Perez-Bracchiglione\" target=\"_blank\" rel=\"noopener noreferrer\">https:\/\/www.researchgate.net\/profile\/Javier_Perez-Bracchiglione<\/a><\/p>\n<\/div>\n<div class=\"bloq-investigador-principal\">\n<p><span class=\"investigador-title\">Jana Stojanova<\/span><\/p>\n<p>Departamento de Precl\u00ednicas, Escuela de Medicina, Universidad de Valpara\u00edso, Chile<\/p>\n<p><a class=\"email-investigador\" href=\"mailto:jana.stojanova@uv.cl\" target=\"_blank\" rel=\"noopener noreferrer\">jana.stojanova@uv.cl<\/a><br \/>\n<a class=\"btn-investigador\" href=\"https:\/\/www.researchgate.net\/profile\/Jana_Stojanova\" target=\"_blank\" rel=\"noopener noreferrer\">https:\/\/www.researchgate.net\/profile\/Jana_Stojanova<\/a><\/p>\n<\/div>\n<div class=\"bloq-investigador-principal\">\n<p><span class=\"investigador-title\">Manuel Vargas<\/span><\/p>\n<p>Departamento de Salud P\u00fablica, Escuela de Medicina, Universidad de Valpara\u00edso, Chile<\/p>\n<p><a class=\"email-investigador\" href=\"mailto:manuel.vargas@uv.cl\" target=\"_blank\" rel=\"noopener noreferrer\">manuel.vargas@uv.cl<\/a><br \/>\n<a class=\"btn-investigador\" href=\"https:\/\/www.researchgate.net\/profile\/Manuel_Vargas\" target=\"_blank\" rel=\"noopener noreferrer\">https:\/\/www.researchgate.net\/profile\/Manuel_Vargas<\/a><\/p>\n<\/div>\n","protected":false},"excerpt":{"rendered":"Marjorie Borgeat Escuela de Odontolog\u00eda, Universidad de Valpara\u00edso, Chile marjorie.borgeat@uv.cl https:\/\/www.researchgate.net\/profile\/Marjorie_Borgeat Cynthia Carrasco Escuela de Obstetricia y Puericultura, Campus San Felipe, Universidad de Valpara\u00edso, Chile cynthia.carrasco@uv.cl Crist\u00f3bal Lo\u00e9zar Departamento de Salud P\u00fablica, Escuela de Medicina, Universidad de Valpara\u00edso, Chile cristobal.loezar@uv.cl https:\/\/www.researchgate.net\/profile\/Cristobal_Loezar Natalia P\u00e9rez Departamento de Anatom\u00eda, Escuela de Medicina, Universidad de Valpara\u00edso, Chile natalia.perezba@uv.cl Javier&#8230;","protected":false},"author":3,"featured_media":0,"parent":370,"menu_order":2,"comment_status":"closed","ping_status":"closed","template":"","meta":{"_acf_changed":false,"footnotes":""},"class_list":["post-374","page","type-page","status-publish","hentry"],"acf":[],"_links":{"self":[{"href":"https:\/\/ciesaluv.cl\/en\/wp-json\/wp\/v2\/pages\/374","targetHints":{"allow":["GET"]}}],"collection":[{"href":"https:\/\/ciesaluv.cl\/en\/wp-json\/wp\/v2\/pages"}],"about":[{"href":"https:\/\/ciesaluv.cl\/en\/wp-json\/wp\/v2\/types\/page"}],"author":[{"embeddable":true,"href":"https:\/\/ciesaluv.cl\/en\/wp-json\/wp\/v2\/users\/3"}],"replies":[{"embeddable":true,"href":"https:\/\/ciesaluv.cl\/en\/wp-json\/wp\/v2\/comments?post=374"}],"version-history":[{"count":9,"href":"https:\/\/ciesaluv.cl\/en\/wp-json\/wp\/v2\/pages\/374\/revisions"}],"predecessor-version":[{"id":966,"href":"https:\/\/ciesaluv.cl\/en\/wp-json\/wp\/v2\/pages\/374\/revisions\/966"}],"up":[{"embeddable":true,"href":"https:\/\/ciesaluv.cl\/en\/wp-json\/wp\/v2\/pages\/370"}],"wp:attachment":[{"href":"https:\/\/ciesaluv.cl\/en\/wp-json\/wp\/v2\/media?parent=374"}],"curies":[{"name":"wp","href":"https:\/\/api.w.org\/{rel}","templated":true}]}}