{"id":385,"date":"2020-03-20T19:54:38","date_gmt":"2020-03-20T23:54:38","guid":{"rendered":"http:\/\/ciesaluv.cl\/?page_id=385"},"modified":"2022-11-10T09:08:29","modified_gmt":"2022-11-10T12:08:29","slug":"proyectos","status":"publish","type":"page","link":"https:\/\/ciesaluv.cl\/en\/proyectos\/","title":{"rendered":"Grants &#8211; Research Projects"},"content":{"rendered":"\n<table id=\"tablepress-3\" class=\"tablepress tablepress-id-3\">\n<thead>\n<tr class=\"row-1\">\n\t<th class=\"column-1\"><strong>Investigador participante<\/strong><\/th><th class=\"column-2\"><strong>Periodo<\/strong><\/th><th class=\"column-3\"><strong>Proyecto<\/strong><\/th>\n<\/tr>\n<\/thead>\n<tbody class=\"row-striping row-hover\">\n<tr class=\"row-2\">\n\t<td class=\"column-1\">Alvarado<\/td><td class=\"column-2\">2024-2026<\/td><td class=\"column-3\"><strong><strong>Estigma p\u00fablico de depresi\u00f3n en Chile: una aproximaci\u00f3n multivariada y culturalmente pertinente.<\/strong> Fondecyt Regular.(IP Natalia Salinas)  <\/strong><\/td>\n<\/tr>\n<tr class=\"row-3\">\n\t<td class=\"column-1\">Madrid<\/td><td class=\"column-2\">2023-2025<\/td><td class=\"column-3\">FONDECYT REGULAR 1241091\u00a0<strong> Improved classification of hip fragility fractures in Chile using ultrasound: Towards a better clinical understanding for better patient care.<\/strong> ANID-CONICYT (2024-2027) IP Jean Gabriel Minonzio<\/td>\n<\/tr>\n<tr class=\"row-4\">\n\t<td class=\"column-1\">Dagnino<\/td><td class=\"column-2\">2022-2025<\/td><td class=\"column-3\"><strong><strong>\"Impact of the high n-6 polyunsaturated fatty acid intake and\/or maternal obesity on neurodevelopment. Is there an essential contribution of dietary n-3 fatty acids?<\/strong>. IP Rodrigo Valenzuela,  FONDECYT Regular N\u00ac\u222b 1221098. 2022-2025. Monto adjudicado: $ 267.840.000 pesos.<\/strong><\/td>\n<\/tr>\n<tr class=\"row-5\">\n\t<td class=\"column-1\">Alvarado<\/td><td class=\"column-2\">2024-2026<\/td><td class=\"column-3\"><strong><strong>Impacto de la violencia laboral en la incidencia de problemas de salud mental: un dise\u00f1o mixto para identificar v\u00edas de acci\u00f3n efectivas<\/strong>. Concurso SUSESO 2024. IP Rub\u00e9n Alvarado<\/strong><\/td>\n<\/tr>\n<tr class=\"row-6\">\n\t<td class=\"column-1\">Perez-Barraza<\/td><td class=\"column-2\">2024-2025<\/td><td class=\"column-3\"><span style=\"color:#333333;\"><strong><span style=\"color:#333333;\"><strong>Avances en el diagn\u00f3stico del adenocarcinoma prost\u00e1tico: aplicaci\u00f3n de la inteligencia artificial en el an\u00e1lisis histopatol\u00f3gico cl\u00ednico<\/strong><\/span><span style=\"color:#333333;\">. Concurso proyectos PIEM 2024 Universidad de Valpara\u00edso. PI Natalia P\u00e9rez-Barraza<\/span><\/strong><\/span><\/td>\n<\/tr>\n<tr class=\"row-7\">\n\t<td class=\"column-1\">Madrid, Meza, Bracchiglione<\/td><td class=\"column-2\">2024-2025<\/td><td class=\"column-3\"><span style=\"color:#333333;\"><span style=\"color:#333333;\">World Health Organization \u2013 <\/span><span style=\"color:#333333;\"><strong>Multimodal clinical algorithms with GLP-1 RA or GLP-1\/GIP dual agonists for the management of obesity in adults: a component-network meta-analysis.<\/strong><\/span><span style=\"color:#333333;\">\u00a0 Clinical Practice Guideline Obesity. World Health Organization Geneva. 2024-2025 \u00a0 (IP Juan Victor Ariel Franco).<\/span><\/span><\/td>\n<\/tr>\n<tr class=\"row-8\">\n\t<td class=\"column-1\">Madrid, Meza, Bracchiglione<\/td><td class=\"column-2\">2024-2025<\/td><td class=\"column-3\">World Health Organization \u2013<strong>GLP-1 receptor agonists and GIP\/GLP1 dual agonists for people with obesity<\/strong>.  Clinical Practice Guideline Obesity. World Health Organization Geneva. 2024-2025 \u00a0 (IP  Eva Madrid)<\/td>\n<\/tr>\n<tr class=\"row-9\">\n\t<td class=\"column-1\">Aguirre<\/td><td class=\"column-2\">2024<\/td><td class=\"column-3\">\u2013 \u201c<strong>Seis conversiones al socialismo en la Inglaterra de fin de siglo victoriano. Los Ensayos Fabianos de 1889\u201d.\u00a0Fondo de Investigaci\u00f3n de la Facultad de Ciencias Sociales<\/strong>\u00a0UV (DEXE 218-24), 2024. Investigador principal.<\/td>\n<\/tr>\n<tr class=\"row-10\">\n\t<td class=\"column-1\">Aguirre<\/td><td class=\"column-2\">2021-2024<\/td><td class=\"column-3\">\u2013 \u201c<strong>Transmisi\u00f3n generacional de memorias sobre el pasado reciente y movilizaciones que disputan el g\u00e9nero en el Chile de la postdictadura\u201d<\/strong>. Agencia Nacional de Investigaci\u00f3n y Desarrollo, (Chile)\u00a0<strong>ANID-FONDECYT REGULAR<\/strong>\u00a0N.\u00ba 1210360, 2021-2024. Director alterno y coinvestigador.<\/td>\n<\/tr>\n<tr class=\"row-11\">\n\t<td class=\"column-1\">Dagnino<\/td><td class=\"column-2\">2021-2024<\/td><td class=\"column-3\"><strong><strong>\"Hyperandrogenism during prenatal and pubertal development alters functional brain networks compromising social cognition in daughters of women with polycystic ovary syndrome: a doble hit hypothesis\"<\/strong>.IP  Nicolas Crisosto FONDECYT Regular N\u00ac\u222b 1210261. 2021-2024. Monto adjudicado: $ 266.319.555 pesos.<\/strong><\/td>\n<\/tr>\n<tr class=\"row-12\">\n\t<td class=\"column-1\">Dagnino<\/td><td class=\"column-2\">2023-2024<\/td><td class=\"column-3\"><strong><strong>\"Strategies for coping with stress during aging and its impact on memory\"<\/strong>. Alexies Dagnino (Investigador principal). Consorcio de Universidades del Estado (CUECH) RED21993. Grant N\u00ac\u222b CIES008 2023-2024. Monto adjudicado: $ 20.000.000 pesos. IP Alexies Dagnino<\/strong><\/td>\n<\/tr>\n<tr class=\"row-13\">\n\t<td class=\"column-1\">Alvarado, Leyton<\/td><td class=\"column-2\">2020-2024<\/td><td class=\"column-3\"><strong><strong>OnTrackChile for First Episode<\/strong> Psy.chosis. Proyecto R01 MH115502 (NIMH-USA). IP Rub\u00e9n Alvarado<\/strong><\/td>\n<\/tr>\n<tr class=\"row-14\">\n\t<td class=\"column-1\">Alvarado<\/td><td class=\"column-2\">2021-2024<\/td><td class=\"column-3\"><strong><strong>Validation of a Pragmatic Implementation Measure for Task Sharing in Mental Health Services (BeFITS-MH).<\/strong> Proyecto R01 MH122851 (NIMH-USA). Co-investigador<\/strong><\/td>\n<\/tr>\n<tr class=\"row-15\">\n\t<td class=\"column-1\">Madrid<\/td><td class=\"column-2\">2024-2025<\/td><td class=\"column-3\"><strong><strong>Gu\u00eda de Pr\u00e1ctica Cl\u00ednica Espa\u00f1ola de Deprescripci\u00f3n de Antidepresivos-<\/strong> Unidad de Asesoramiento Cient\u00edfico-T\u00e9cnico, Avalia-t. Agencia Gallega de Conocimiento en Salud (ACIS). Gobierno de Espa\u00f1a Ministerio de Sanidad. 2024-2025 Rol: Miembro del panel, asesor\u00eda metodol\u00f3gica.\u00a0<\/strong><\/td>\n<\/tr>\n<tr class=\"row-16\">\n\t<td class=\"column-1\">Madrid, Meza<\/td><td class=\"column-2\">2025-2026<\/td><td class=\"column-3\"><span style=\"color:#333333;\"><span style=\"color:#333333;\">World Health Organization \u2013 <\/span><span style=\"color:#333333;\"><strong>FPG threshold for the diagnosis of gestational diabetes mellitus.\u00a0 Clinical Practice Guideline Diabetes in Pregnancy. A diagnostic test accuracy systematic review<\/strong><\/span><span style=\"color:#333333;\">. World Health Organization Geneva. 2025-2026\u00a0 IP Nicol\u00e1s Meza<\/span><\/span><\/td>\n<\/tr>\n<tr class=\"row-17\">\n\t<td class=\"column-1\">Dagnino<\/td><td class=\"column-2\">Proyectos presentados<\/td><td class=\"column-3\"><strong><strong>\"Instituto Milenio para la investigaci\u00f3n en depresi\u00f3n y desarrollo\"<\/strong>. Alex Behn (Director), Alexies Dagnino (Investigador Principal). Concurso Institutos Milenios 2025 (en concurso).\u00a0<\/strong><\/td>\n<\/tr>\n<tr class=\"row-18\">\n\t<td class=\"column-1\">Madrid<\/td><td class=\"column-2\"><span style=\"color:#111111;\">2023-2024<\/span><\/td><td class=\"column-3\"><span style=\"color:#111111;\"><span style=\"color:#111111;\">OSHA\/2023\/LVP\/0006<\/span><strong>\u00a0Systematic literature review on COVID-19, work-related psychosocial risks and mental health in the human health and social work activities sector<\/strong>. Funding: European Agency for Safety and Health at Work, Uni\u00f3n Europea. Eva Madrid investigadora<\/span><\/td>\n<\/tr>\n<tr class=\"row-19\">\n\t<td class=\"column-1\">Alvarado<\/td><td class=\"column-2\"><span style=\"color:#111111;\">2023-2026<\/span><\/td><td class=\"column-3\"><strong><strong>Transferencia de innovaci\u00f3n social: inclusi\u00f3n y turismo<\/strong>. Proyecto financiado por el Fondo de Innovaci\u00f3n para la Competitividad (FIC). Gobierno Regional (GORE) O\u00b4Higgins, a\u00f1o 2023. En desarrollo entre los a\u00f1os 2023 y 2026. Rub\u00e9n Alvarado Co-Investigador.<\/strong><\/td>\n<\/tr>\n<tr class=\"row-20\">\n\t<td class=\"column-1\">Madrid<\/td><td class=\"column-2\"><span style=\"color:#111111;\">2022-2024<\/span><\/td><td class=\"column-3\"><span style=\"color:#111111;\"><strong><span style=\"color:#111111;\"><strong>SA21I0143 Construcci\u00f3n participativa y factibilidad de una intervenci\u00f3n multicomponente para mejorar el bienestar de ni\u00f1os de educaci\u00f3n b\u00e1sica despu\u00e9s de la pandemia covid-19<\/strong><\/span><span style=\"color:#111111;\">. Concurso FONIS 2021-2023. IP Fanny Leyton.<\/span><\/strong><\/span><\/td>\n<\/tr>\n<tr class=\"row-21\">\n\t<td class=\"column-1\">Alvarado<\/td><td class=\"column-2\"><span style=\"color:#111111;\">2020-2024<\/span><\/td><td class=\"column-3\"><strong><strong>Reducing Stigma toward Mental Illness and Substance Use Issues in Primary Health Care in Chile: A Cluster Randomized Control Tria<\/strong>l. Proyecto Concurso FONDECYT 2019 (1201504). IP Jaima Sapag.<\/strong><\/td>\n<\/tr>\n<tr class=\"row-22\">\n\t<td class=\"column-1\">Alvarado<\/td><td class=\"column-2\"><span style=\"color:#111111;\">2020-2023<\/span><\/td><td class=\"column-3\"><strong><strong>Riesgo psicosocial y presentismo: un estudio de cohorte en poblaci\u00f3n chilena.<\/strong>\u00a0Proyecto Concurso SUSESO 2019 (P200-INNO208) Rub\u00e9n Alvarado. Investigador Principal.<\/strong><\/td>\n<\/tr>\n<tr class=\"row-23\">\n\t<td class=\"column-1\">Aguirre<\/td><td class=\"column-2\">2020-2021<\/td><td class=\"column-3\">\u2013 \u201cFamilias en tiempos de COVID-19: experiencias, desaf\u00edos y respuestas de las familias en contextos de desigualdad social\u201d. Agencia Nacional de Investigaci\u00f3n y Desarrollo, (Chile)\u00a0<strong>ANID-COVID0341<\/strong>, 2020-2021. Coinvestigador.<\/td>\n<\/tr>\n<tr class=\"row-24\">\n\t<td class=\"column-1\">Alvarado<\/td><td class=\"column-2\"><span style=\"color:#111111;\">2018-2024<\/span><\/td><td class=\"column-3\"><strong><strong>OnTrackChile for First Episode Psychosis.<\/strong>\u00a0Proyecto R01 MH115502, financiado por el National Institute of Mental Health (USA). Rub\u00e9n Alvarado Investigador Principal (Contact PI).<\/strong><\/td>\n<\/tr>\n<tr class=\"row-25\">\n\t<td class=\"column-1\">Alvarado<\/td><td class=\"column-2\"><span style=\"color:#111111;\">2020-2024<\/span><\/td><td class=\"column-3\"><strong><strong>Validation of a Pragmatic Implementation Measure for Task Sharing in Mental Health Services.<\/strong>\u00a0Proyecto R01 MH122851, financiado por el National Institute of Mental Health (USA). En desarrollo entre 2020 y 2024. PI Lawrence Yang.<\/strong><\/td>\n<\/tr>\n<tr class=\"row-26\">\n\t<td class=\"column-1\">Arancibia<\/td><td class=\"column-2\"><span style=\"color:#111111;\">2022-2024<\/span><\/td><td class=\"column-3\"><span style=\"color:#111111;\"><span style=\"color:#111111;\">Proyecto FONIS SA2210168\u00a0<\/span><strong>Estudio de Factibilidad y Aceptabilidad de una Intervenci\u00f3n Psicoterap\u00e9utica familiar breve informada por la mentalizaci\u00f3n para adolescentes entre 10 y 14 a\u00f1os con diagn\u00f3stico de depresi\u00f3n. Investigador<\/strong>\u00a0PI Javier Mor\u00e1n<\/span><\/td>\n<\/tr>\n<tr class=\"row-27\">\n\t<td class=\"column-1\">Lutz<\/td><td class=\"column-2\"><span style=\"color:#111111;\">2022-2024<\/span><\/td><td class=\"column-3\"><span style=\"color:#111111;\"><strong><span style=\"color:#111111;\"><strong>CUECH-MINEDUC Red 21993 Caracterizaci\u00f3n del patr\u00f3n alimentario y perfil sociosanitario de personas mayores chilenas: Macrozonas Norte, Centro-Sur y Sur-Austral.<\/strong><\/span><span style=\"color:#111111;\"> Proyecto CIES Centro Interuniversitario de Envejecimiento Saludable Consorcio de Universidades del Estado de Chile (CUECH). <\/span><\/strong><\/span><\/td>\n<\/tr>\n<tr class=\"row-28\">\n\t<td class=\"column-1\">Arancibia<\/td><td class=\"column-2\"><span style=\"color:#111111;\">2022-2024<\/span><\/td><td class=\"column-3\"><span style=\"color:#111111;\"><strong><span style=\"color:#111111;\"><strong>An\u00e1lisis del potencial rol de las modificaciones epigen\u00e9ticas en los genes OXTR y FKBP5 como mediadoras entre el maltrato infantil y la cognici\u00f3n social en adultos con trastorno afectivo bipolar tipo I. 1\u00ba Concurso Fondos de investigaci\u00f3n SOCHITAB para residentes de psiquiatr\u00eda y equipos de salud mental de atenci\u00f3n primaria <\/strong><\/span><span style=\"color:#111111;\">\u2013IP Marcelo Arancibia<\/span><\/strong><\/span><\/td>\n<\/tr>\n<tr class=\"row-29\">\n\t<td class=\"column-1\">Perez-Barraza<\/td><td class=\"column-2\"><span style=\"color:#444444;\">2022-2023<\/span><\/td><td class=\"column-3\"><span style=\"color:#444444;\"><strong><span style=\"color:#444444;\"><strong>Identificaci\u00f3n de hongos en los grifos de agua potable de los servicios cl\u00ednicos del Hospital San Camilo de San Felipe en el periodo 2022-2023. <\/strong><\/span><span style=\"color:#444444;\">Concurso proyectos PIEM 2022.  (IP Camila Vera).  Investigadora<\/span><\/strong><\/span><\/td>\n<\/tr>\n<tr class=\"row-30\">\n\t<td class=\"column-1\">Vargas<\/td><td class=\"column-2\"><span style=\"color:#111111;\">2022-2024<\/span><\/td><td class=\"column-3\"><strong><strong>Soluci\u00f3n tecnol\u00f3gica de adaptador para Smartphone y app m\u00f3vil para el mejoramiento de la toma y registro de examen de retina mediante oftalmoscop\u00eda indirecta con tel\u00e9fono m\u00f3vil.<\/strong>\u00a0(2022-2024) Proyecto 100-INES Innova UV. Manuel Vargas Director Alterno<\/strong><\/td>\n<\/tr>\n<tr class=\"row-31\">\n\t<td class=\"column-1\">Madrid, Meza, Bracchiglione<\/td><td class=\"column-2\"><span style=\"color:#111111;\">2021-2024<\/span><\/td><td class=\"column-3\"><span style=\"color:#111111;\"><span style=\"color:#111111;\">FONDECYT REGULAR 1212037\u00a0<\/span><strong>Mapping of Chilean clinical health research through a systematic approach for identifying evidence gaps: a step towards evidence-informed decision making and strategic research agendas<\/strong>. ANID-CONICYT (2021-2024) IP Eva Madrid<\/span><\/td>\n<\/tr>\n<tr class=\"row-32\">\n\t<td class=\"column-1\">Madrid, Meza, Bracchiglione<\/td><td class=\"column-2\"><span style=\"color:#111111;\">2022-2024<\/span><\/td><td class=\"column-3\"><span style=\"color:#111111;\"><span style=\"color:#111111;\">Proyecto. s\/n, <\/span><span style=\"color:#111111;\"><strong>Commissioned Evidence Synthesis for the Gastroenteritis in Children Guideline project. KSA Task Force.<\/strong><\/span><span style=\"color:#111111;\"> Gabriel Rada. (Epistemonikos Foundation). 01\/02\/2022-01\/05\/2022. IP Gabriel Rada- Javier Bracchiglione, Eva Madrid y Nicol\u00e1s Meza co-investigadores<\/span><\/span><\/td>\n<\/tr>\n<tr class=\"row-33\">\n\t<td class=\"column-1\">Lutz<\/td><td class=\"column-2\"><span style=\"color:#111111;\">2022-2024<\/span><\/td><td class=\"column-3\"><span style=\"color:#111111;\"><span style=\"color:#111111;\">CUECH-MINEDUC Red 21993\u00a0<\/span><strong>Formulaci\u00f3n de productos de panificaci\u00f3n suplementados con harina de porotos nativos chilenos para disminuir respuestas glic\u00e9micas postprandiales y agregaci\u00f3n plaquetaria en personas mayores: Un estudio pilot<\/strong>o. <\/span><\/td>\n<\/tr>\n<tr class=\"row-34\">\n\t<td class=\"column-1\">Dagnino<\/td><td class=\"column-2\"><span style=\"color:#111111;\">2022-2024<\/span><\/td><td class=\"column-3\"><span style=\"color:#111111;\"><span style=\"color:#111111;\">CIES008 (PI: Alexies Dagnino)\u00a0<\/span><strong>\u201cEstrategias de afrontamiento al estr\u00e9s durante el envejecimiento y su impacto en la memori<\/strong>a\u201d. IP Alexies Dagnino<\/span><\/td>\n<\/tr>\n<tr class=\"row-35\">\n\t<td class=\"column-1\">Alvarado<\/td><td class=\"column-2\"><span style=\"color:#111111;\">2020-2022<\/span><\/td><td class=\"column-3\"><span style=\"color:#111111;\"><span style=\"color:#111111;\">Mental Health Care: Adverse Sequelae of COVID-19 (MASC Study).<\/span><span style=\"color:#111111;\"><strong> Proyecto colaborativo sin financiamiento, dirigido por el Prof. Graham Thornicroft (Institute of Psychiatry, Psychology and Neuroscience, King\u2019s College London)<\/strong><\/span><span style=\"color:#111111;\">, desarrollado en 11 pa\u00edses del mundo. Rub\u00e9n Alvarado. Investigador Principal en Chile.<\/span><\/span><\/td>\n<\/tr>\n<tr class=\"row-36\">\n\t<td class=\"column-1\">Ardiles<\/td><td class=\"column-2\"><span style=\"color:#111111;\">2021-2023<\/span><\/td><td class=\"column-3\"><span style=\"color:#111111;\"><span style=\"color:#111111;\">FONDEF IdeA ID21I10153 (PI: Agust\u00edn Mart\u00ednez).<\/span><span style=\"color:#111111;\"><strong> \u201cDesarrollo de una cobertura cut\u00e1nea costo efectiva \u201cPanexpatchTM\u201d para el tratamiento de \u00falceras venosas\u201d<\/strong><\/span><span style=\"color:#111111;\">. (Alvaro Ardiles Investigador)<\/span><\/span><\/td>\n<\/tr>\n<tr class=\"row-37\">\n\t<td class=\"column-1\">Alvarado<\/td><td class=\"column-2\"><span style=\"color:#111111;\">2021<\/span><\/td><td class=\"column-3\"><span style=\"color:#111111;\"><strong><span style=\"color:#111111;\"><strong>Acceso a la Informaci\u00f3n de Salud Mental en la Poblaci\u00f3n General. <\/strong><\/span><span style=\"color:#111111;\">Licitaci\u00f3n del Ministerio de Salud IDI 757-69-LE20. Ejecutado por la Universidad de O\u2019Higgins. Rub\u00e9n Alvarado Director Alterno.<\/span><\/strong><\/span><\/td>\n<\/tr>\n<tr class=\"row-38\">\n\t<td class=\"column-1\">Ardiles<\/td><td class=\"column-2\"><span style=\"color:#111111;\">2020-2022<\/span><\/td><td class=\"column-3\"><span style=\"color:#111111;\"><span style=\"color:#111111;\">FONDEF IdeA ID16I10223 (segunda etapa) (PI: Claudio Hetz).<\/span><span style=\"color:#111111;\"><strong> \u201cProteostaser-1: una terapia g\u00e9nica enfocada a disminuir la neurodegeneraci\u00f3n y aumentar la funci\u00f3n cognitiva en la enfermedad de Alzheimer\u201d <\/strong><\/span><span style=\"color:#111111;\">(Alvaro Ardiles Investigador).<\/span><\/span><\/td>\n<\/tr>\n<tr class=\"row-39\">\n\t<td class=\"column-1\">Alvarado<\/td><td class=\"column-2\"><span style=\"color:#111111;\">2020-2022<\/span><\/td><td class=\"column-3\"><span style=\"color:#111111;\"><strong><span style=\"color:#111111;\"><strong>The impact of the COVID-19 pandemic on the mental health of workers in health services: The COVID-19 HEalth caRe wOrkErS (HEROES) Study. Proyecto colaborativo sin financiamiento, desarrollado en 26 pa\u00edses del mundo.<\/strong><\/span><span style=\"color:#111111;\"> Rub\u00e9n Alvarado Investigador Principal.<\/span><\/strong><\/span><\/td>\n<\/tr>\n<tr class=\"row-40\">\n\t<td class=\"column-1\">Ardiles<\/td><td class=\"column-2\"><span style=\"color:#111111;\">2020-2024<\/span><\/td><td class=\"column-3\"><span style=\"color:#111111;\"><span style=\"color:#111111;\">FONDECYT REGULAR 1201342. <\/span><span style=\"color:#111111;\"><strong>\u201cOver-activation of Panx1 in neurons leads to intracellular Ca2+ overload and subsequent defects in neuronal cytoskele ton and signaling receptor trafficking supporting synaptic defects in an Alzheimer\u00b4s disease model<\/strong><\/span><span style=\"color:#111111;\">\u201d. (2020-2024). Alvaro Ardiles<\/span><\/span><\/td>\n<\/tr>\n<tr class=\"row-41\">\n\t<td class=\"column-1\">Ardiles<\/td><td class=\"column-2\"><span style=\"color:#111111;\">2020-2024<\/span><\/td><td class=\"column-3\"><span style=\"color:#111111;\"><span style=\"color:#111111;\">FONDECYT REGULAR 1200250. <\/span><span style=\"color:#111111;\"><strong>\u201cRole of promigratory activation of VEGFR2 in the brain angiogenesis and its potential implication in learning and memory of offspring born to preeclampsia\u201d<\/strong><\/span><span style=\"color:#111111;\">. Adjudicado (2020-2024). Alvaro Ardiles<\/span><\/span><\/td>\n<\/tr>\n<tr class=\"row-42\">\n\t<td class=\"column-1\">Madrid, Meza, Bracchiglione<\/td><td class=\"column-2\"><span style=\"color:#111111;\">2021-2022<\/span><\/td><td class=\"column-3\"><span style=\"color:#111111;\"><span style=\"color:#111111;\">Minsal ID 757-79-LP21 \u00a0\u00a0DIPLAS.\u00a0<\/span><strong>Contrataci\u00f3n de servicios de b\u00fasqueda, extracci\u00f3n de datos, evaluaci\u00f3n de riesgo de sesgo y s\u00edntesis de evidencia cient\u00edfica para gu\u00edas de pr\u00e1ctica cl\u00ednica GES<\/strong>\u00a0(2021-2022) Ministerio de Salud Subsecretar\u00eda de Salud P\u00fablica SBEETESA. IP Eva Madrid, investigadores Nicol\u00e1s Meza y Javier Bracchiglione<\/span><\/td>\n<\/tr>\n<tr class=\"row-43\">\n\t<td class=\"column-1\">Madrid, Meza<\/td><td class=\"column-2\"><span style=\"color:#111111;\">2020-2021<\/span><\/td><td class=\"column-3\"><span style=\"color:#111111;\"><span style=\"color:#111111;\">\u00a0ID 757-22-L120\u00a0<\/span><strong>Dise\u00f1o manual para el abordaje integral de los trastornos del espectro autista en ni\u00f1os y ni\u00f1as<\/strong>\u00a0(2020-2021). IP Nicolas Meza, Eva Madrid coinvestigadora. <span style=\"color:#111111;\">EA Santiago, Chile; 2023 Mar.  Disponible en: https:\/\/etesa-sbe.minsal.cl\/index.php\/publicaciones\/<\/span><\/span><\/td>\n<\/tr>\n<tr class=\"row-44\">\n\t<td class=\"column-1\">Madrid<\/td><td class=\"column-2\"><span style=\"color:#111111;\">2018-2021<\/span><\/td><td class=\"column-3\"><span style=\"color:#111111;\"><span style=\"color:#111111;\">MEC80170060 <\/span><span style=\"color:#111111;\"><strong>Trabajo colaborativo en red para la capacitaci\u00f3n y generaci\u00f3n de evidencia cient\u00edfica para la toma de decisiones en Salud.<\/strong><\/span><span style=\"color:#111111;\"> Conicyt 2018-2020. Eva Madrid investigadora principal<\/span><\/span><\/td>\n<\/tr>\n<tr class=\"row-45\">\n\t<td class=\"column-1\">Madrid<\/td><td class=\"column-2\"><span style=\"color:#111111;\">2017-2019<\/span><\/td><td class=\"column-3\"><span style=\"color:#111111;\"><span style=\"color:#111111;\"> <\/span><span style=\"color:#111111;\"><strong>Evaluaci\u00f3n del uso de resonancia magn\u00e9tica funcional en el mapeo cerebral cortical en pacientes portadores de gliomas de bajo grado.<\/strong><\/span><span style=\"color:#111111;\"> Financiamiento: XIV Concurso Nacional de Proyectos de Investigaci\u00f3n y Desarrollo en Salud FONIS 2017-2019 SA17I0124. IP Carlos Bennett<\/span><\/span><\/td>\n<\/tr>\n<tr class=\"row-46\">\n\t<td class=\"column-1\">Lutz<\/td><td class=\"column-2\"><span style=\"color:#111111;\">2017-2018<\/span><\/td><td class=\"column-3\"><span style=\"color:#111111;\"><strong><span style=\"color:#111111;\"><strong>Dise\u00f1o de un sistema de preparaciones alimentarias saludables para adultos mayores autovalentes: piloto de entrega en CESFAM Reina Isabel II de la ciudad de Valpara\u00edso<\/strong><\/span><span style=\"color:#111111;\">. PMI UVA 1401 \u2013 GER\u00d3POLIS: Modelo de educaci\u00f3n, salud y territorio: enfrentando la desigualdad en la tercera edad de la Ciudad Valpara\u00edso. (2017-2018). <\/span><\/strong><\/span><\/td>\n<\/tr>\n<tr class=\"row-47\">\n\t<td class=\"column-1\">LUtz<\/td><td class=\"column-2\"><span style=\"color:#111111;\">2018<\/span><\/td><td class=\"column-3\"><span style=\"color:#111111;\"><strong><span style=\"color:#111111;\"><strong>FONDART 422790 Qu\u00ednoa, de los ancestros de los Andes a tu mesa<\/strong><\/span><span style=\"color:#111111;\">. Cooperativa Petorqu\u00ednoa, Corporaci\u00f3n Actuemos, Universidad de Valpara\u00edso. (2018).<\/span><\/strong><\/span><\/td>\n<\/tr>\n<tr class=\"row-48\">\n\t<td class=\"column-1\">Madrid, Meza, Bracchiglione<\/td><td class=\"column-2\"><span style=\"color:#111111;\">2018<\/span><\/td><td class=\"column-3\"><span style=\"color:#111111;\"><span style=\"color:#111111;\"> G\u00a0\u00a0 DIPLAS. 00668.\u00a0<\/span><strong>Resumen De Evidencia Sobre Estrategias Para El Control De La Fiebre \u201cQ\u201d<\/strong>. Ministerio de Salud SBE-ETESA 2018<span style=\"color:#111111;\">. IP J Bracchiglione<\/span><\/span><\/td>\n<\/tr>\n<tr class=\"row-49\">\n\t<td class=\"column-1\">Madrid, Meza, Bracchiglione<\/td><td class=\"column-2\"><span style=\"color:#111111;\">2018<\/span><\/td><td class=\"column-3\"><strong><strong>Resumen de Pol\u00edticas: Evidencias para mejorar la tasa de vacunaci\u00f3n del adulto Mayor Ministerio de Salud SBE-ETESA<\/strong>\u00a0Financiamiento OPS 2018. IP Eva Madrid<\/strong><\/td>\n<\/tr>\n<tr class=\"row-50\">\n\t<td class=\"column-1\">Aguirre<\/td><td class=\"column-2\">2013-2014<\/td><td class=\"column-3\">\u00ab<strong>Voces sobre la globalizaci\u00f3n. Las dimensiones de la movilidad internacional y el fen\u00f3meno sociocultural de la globalizaci\u00f3n en una muestra de estudiantes extranjeros que eligieron la Universidad de Valpara\u00edso como destino para complementar su formaci\u00f3n de pregrado.<\/strong> Universidad de Valpara\u00edso.\u00a0<strong>Proyecto DIUV<\/strong>. Direcci\u00f3n de Investigaci\u00f3n UV, 2013-2014. Investigador principal\u201d.<\/td>\n<\/tr>\n<\/tbody>\n<\/table>\n\n","protected":false},"excerpt":{"rendered":"","protected":false},"author":3,"featured_media":0,"parent":0,"menu_order":6,"comment_status":"closed","ping_status":"closed","template":"","meta":{"_acf_changed":false,"footnotes":""},"class_list":["post-385","page","type-page","status-publish","hentry"],"acf":[],"_links":{"self":[{"href":"https:\/\/ciesaluv.cl\/en\/wp-json\/wp\/v2\/pages\/385","targetHints":{"allow":["GET"]}}],"collection":[{"href":"https:\/\/ciesaluv.cl\/en\/wp-json\/wp\/v2\/pages"}],"about":[{"href":"https:\/\/ciesaluv.cl\/en\/wp-json\/wp\/v2\/types\/page"}],"author":[{"embeddable":true,"href":"https:\/\/ciesaluv.cl\/en\/wp-json\/wp\/v2\/users\/3"}],"replies":[{"embeddable":true,"href":"https:\/\/ciesaluv.cl\/en\/wp-json\/wp\/v2\/comments?post=385"}],"version-history":[{"count":6,"href":"https:\/\/ciesaluv.cl\/en\/wp-json\/wp\/v2\/pages\/385\/revisions"}],"predecessor-version":[{"id":1243,"href":"https:\/\/ciesaluv.cl\/en\/wp-json\/wp\/v2\/pages\/385\/revisions\/1243"}],"wp:attachment":[{"href":"https:\/\/ciesaluv.cl\/en\/wp-json\/wp\/v2\/media?parent=385"}],"curies":[{"name":"wp","href":"https:\/\/api.w.org\/{rel}","templated":true}]}}